{"id":112,"date":"2024-06-12T16:41:32","date_gmt":"2024-06-12T16:41:32","guid":{"rendered":"https:\/\/nightbirds.me\/?page_id=112"},"modified":"2025-11-03T09:48:28","modified_gmt":"2025-11-03T09:48:28","slug":"nightbirds-dio","status":"publish","type":"page","link":"https:\/\/nightbirds.me\/?page_id=112","title":{"rendered":"Nightbirds"},"content":{"rendered":"<div id=\"pl-112\"  class=\"panel-layout\" ><div id=\"pg-112-0\"  class=\"panel-grid panel-no-style\" ><div id=\"pgc-112-0-0\"  class=\"panel-grid-cell\" ><div id=\"panel-112-0-0-0\" class=\"so-panel widget widget_text panel-first-child\" data-index=\"0\" ><h3 class=\"widget-title\">Nightbirds Bio<\/h3>\t\t\t<div class=\"textwidget\"><p>Nightbirds \u00e9s un duet nascut el 2007 i format per Carme Silva a la veu i Enric Puigdesens a la veu i la guitarra. Comen\u00e7ant la seva carrera musical interpretant versions de tots els estils, graven el seu primer disc amb el nom de <em>&#8220;Everything I Love&#8221;<\/em> basat en les composicions de Cole Porter. Despr\u00e9s de tota una traject\u00f2ria de concerts, tant en format de duet com de banda, aquest 2024 comencen un nou projecte de composicions pr\u00f2pies,d&#8217;un format m\u00e9s ac\u00fastic, seguint fidels a la sonoritat que sempre els ha acompanyat, endinsant-se amb el new country\/folk amb pinzellades de pop que els defineix. Per aquest nou projecte s\u00a1acompanyen d&#8217;una banda formada per Ferran Jaumira (Guitarra el\u00e8ctrica), Franco Molinari (Contrabaix) i Pep Sol\u00e0 (bateria).<\/p>\n<p>L&#8217;abril del 2025 est\u00e0 previst el llan\u00e7ament del seu primer single, d&#8217;una de les 4 can\u00e7ons que configuren el seu nou EP amb el nom de <em>&#8220;Nothing Like A Home&#8221;.<\/em><\/p>\n<p>Podeu escoltar un petit fragment dels temes a:<\/p>\n<p>https:\/\/nightbirds.hearnow.com<\/p>\n<\/div>\n\t\t<\/div><div id=\"panel-112-0-0-1\" class=\"so-panel widget widget_sow-image\" data-index=\"1\" ><div\n\t\t\t\n\t\t\tclass=\"so-widget-sow-image so-widget-sow-image-default-c67d20f9f743-112\"\n\t\t\t\n\t\t>\n<div class=\"sow-image-container\">\n\t\t<img \n\tsrc=\"https:\/\/nightbirds.me\/wp-content\/uploads\/2025\/11\/Nightbirds-Viladrau-225x300.jpg\" width=\"225\" height=\"300\" srcset=\"https:\/\/nightbirds.me\/wp-content\/uploads\/2025\/11\/Nightbirds-Viladrau-225x300.jpg 225w, https:\/\/nightbirds.me\/wp-content\/uploads\/2025\/11\/Nightbirds-Viladrau-768x1024.jpg 768w, https:\/\/nightbirds.me\/wp-content\/uploads\/2025\/11\/Nightbirds-Viladrau-1152x1536.jpg 1152w, https:\/\/nightbirds.me\/wp-content\/uploads\/2025\/11\/Nightbirds-Viladrau-488x650.jpg 488w, https:\/\/nightbirds.me\/wp-content\/uploads\/2025\/11\/Nightbirds-Viladrau.jpg 1200w\" sizes=\"(max-width: 225px) 100vw, 225px\" title=\"Nightbirds Viladrau\" alt=\"\" \t\tclass=\"so-widget-image\"\/>\n\t<\/div>\n\n<\/div><\/div><div id=\"panel-112-0-0-2\" class=\"so-panel widget widget_text panel-last-child\" data-index=\"2\" ><h3 class=\"widget-title\">Nightbirds Bio<\/h3>\t\t\t<div class=\"textwidget\"><p>Nightbirds is a duo born in 2007 and formed by Carme Silva on vocals and Enric Puigdesens on vocals and guitar. Starting their musical career performing versions of all styles, they recorded their first album with the name <em>&#8220;Everything I Love&#8221;<\/em> based on Cole Porter&#8217;s compositions. After a long career of concerts, both in duo and band format, this 2024 they begin a new project of their own compositions, in a more acoustic format, remaining faithful to the sound that has always accompanied them, delving into the new country\/folk with touches of pop that defines them. For this new project they are accompanied by a band formed by Ferran Jaumira (Electric Guitar), Franco Molinari (Double Bass) and Pep Sol\u00e0 (Drums).<\/p>\n<p>In April 2025 the release of their first single is scheduled, one of the 4 songs that make up their new EP with the name <em>&#8220;Nothing Like A Home&#8221;.<\/em><\/p>\n<p>You can listen to a small excerpt of the songs at:<\/p>\n<p>https:\/\/nightbirds.hearnow.com<\/p>\n<p>&nbsp;<\/p>\n<p>&nbsp;<\/p>\n<\/div>\n\t\t<\/div><\/div><\/div><\/div>","protected":false},"excerpt":{"rendered":"<p>Nightbirds \u00e9s un duet nascut el 2007 i format per Carme Silva a la veu i Enric Puigdesens a la veu i la guitarra. Comen\u00e7ant la seva carrera musical interpretant versions de tots els estils, graven el seu primer disc amb el nom de &#8220;Everything I Love&#8221; basat en les composicions de Cole Porter. Despr\u00e9s [&hellip;]<\/p>\n","protected":false},"author":1,"featured_media":0,"parent":0,"menu_order":0,"comment_status":"closed","ping_status":"closed","template":"","meta":{"_uag_custom_page_level_css":"","footnotes":""},"class_list":["post-112","page","type-page","status-publish","hentry","post"],"uagb_featured_image_src":{"full":false,"thumbnail":false,"medium":false,"medium_large":false,"large":false,"1536x1536":false,"2048x2048":false,"post-thumbnail":false,"north-thumbnail-no-sidebar":false,"sow-carousel-default":false},"uagb_author_info":{"display_name":"Nightbirds","author_link":"https:\/\/nightbirds.me\/?author=1"},"uagb_comment_info":0,"uagb_excerpt":"Nightbirds \u00e9s un duet nascut el 2007 i format per Carme Silva a la veu i Enric Puigdesens a la veu i la guitarra. Comen\u00e7ant la seva carrera musical interpretant versions de tots els estils, graven el seu primer disc amb el nom de \"Everything I Love\" basat en les composicions de Cole Porter. Despr\u00e9s&hellip;","_links":{"self":[{"href":"https:\/\/nightbirds.me\/index.php?rest_route=\/wp\/v2\/pages\/112","targetHints":{"allow":["GET"]}}],"collection":[{"href":"https:\/\/nightbirds.me\/index.php?rest_route=\/wp\/v2\/pages"}],"about":[{"href":"https:\/\/nightbirds.me\/index.php?rest_route=\/wp\/v2\/types\/page"}],"author":[{"embeddable":true,"href":"https:\/\/nightbirds.me\/index.php?rest_route=\/wp\/v2\/users\/1"}],"replies":[{"embeddable":true,"href":"https:\/\/nightbirds.me\/index.php?rest_route=%2Fwp%2Fv2%2Fcomments&post=112"}],"version-history":[{"count":9,"href":"https:\/\/nightbirds.me\/index.php?rest_route=\/wp\/v2\/pages\/112\/revisions"}],"predecessor-version":[{"id":232,"href":"https:\/\/nightbirds.me\/index.php?rest_route=\/wp\/v2\/pages\/112\/revisions\/232"}],"wp:attachment":[{"href":"https:\/\/nightbirds.me\/index.php?rest_route=%2Fwp%2Fv2%2Fmedia&parent=112"}],"curies":[{"name":"wp","href":"https:\/\/api.w.org\/{rel}","templated":true}]}}